{"id":9,"date":"2024-10-29T16:54:14","date_gmt":"2024-10-29T15:54:14","guid":{"rendered":"https:\/\/www.svenskarallysportforbundet.se\/index.php\/oversikt-regler\/"},"modified":"2024-11-05T21:21:01","modified_gmt":"2024-11-05T20:21:01","slug":"oversikt-regler","status":"publish","type":"page","link":"https:\/\/www.svenskarallysportforbundet.se\/index.php\/oversikt-regler\/","title":{"rendered":"Regler"},"content":{"rendered":"\n<p>F\u00f6r en nystartad r\u00f6relse s\u00e5 kommer reglerna till en b\u00f6rjan att justeras fortl\u00f6pande.<br>Vi kommer vara lyh\u00f6rda f\u00f6r all input och ta stor h\u00e4nsyn till den.<br>Men grundid\u00e9n skall vara: Mycket innovativt. M\u00e5nga nya grepp.<br>Ledorden \u00e4r: enkelt, billigt och s\u00e4kert.<\/p>\n\n\n\n<p><strong>T\u00e4vlingsregler<\/strong><\/p>\n\n\n\n<p>\u200bArrang\u00f6ren skall alltid ha stor frihet att best\u00e4mma vad som g\u00e4ller. Hen skall aldrig vara r\u00e4dd att prova nya grepp och id\u00e9er.<\/p>\n\n\n\n<p><strong>Tekniska regler<\/strong><\/p>\n\n\n\n<p>Bilklasserna kommer att best\u00e5 av Standard Rallybilar (dem med vita nummerskyltar). Ett reglemente f\u00f6r en grG klass hittar ni nedan.<br>N\u00e4r det g\u00e4ller t\u00e4vlingar s\u00e5 v\u00e4nder vi oss inledningsvis till er som har Grupp E, F, VOC och App K bilar med vita nummerskyltar.<\/p>\n","protected":false},"excerpt":{"rendered":"<p>F\u00f6r en nystartad r\u00f6relse s\u00e5 kommer reglerna till en b\u00f6rjan att justeras fortl\u00f6pande.Vi kommer vara lyh\u00f6rda f\u00f6r all input och ta stor h\u00e4nsyn till den.Men grundid\u00e9n skall vara: Mycket innovativt. M\u00e5nga nya grepp.Ledorden \u00e4r: enkelt, billigt och s\u00e4kert. T\u00e4vlingsregler \u200bArrang\u00f6ren &hellip; <a href=\"https:\/\/www.svenskarallysportforbundet.se\/index.php\/oversikt-regler\/\">Forts\u00e4tt l\u00e4sa <span class=\"meta-nav\">&rarr;<\/span><\/a><\/p>\n","protected":false},"author":1,"featured_media":0,"parent":0,"menu_order":0,"comment_status":"closed","ping_status":"closed","template":"full-width","meta":{"footnotes":""},"class_list":["post-9","page","type-page","status-publish","hentry"],"_links":{"self":[{"href":"https:\/\/www.svenskarallysportforbundet.se\/index.php\/wp-json\/wp\/v2\/pages\/9","targetHints":{"allow":["GET"]}}],"collection":[{"href":"https:\/\/www.svenskarallysportforbundet.se\/index.php\/wp-json\/wp\/v2\/pages"}],"about":[{"href":"https:\/\/www.svenskarallysportforbundet.se\/index.php\/wp-json\/wp\/v2\/types\/page"}],"author":[{"embeddable":true,"href":"https:\/\/www.svenskarallysportforbundet.se\/index.php\/wp-json\/wp\/v2\/users\/1"}],"replies":[{"embeddable":true,"href":"https:\/\/www.svenskarallysportforbundet.se\/index.php\/wp-json\/wp\/v2\/comments?post=9"}],"version-history":[{"count":10,"href":"https:\/\/www.svenskarallysportforbundet.se\/index.php\/wp-json\/wp\/v2\/pages\/9\/revisions"}],"predecessor-version":[{"id":372,"href":"https:\/\/www.svenskarallysportforbundet.se\/index.php\/wp-json\/wp\/v2\/pages\/9\/revisions\/372"}],"wp:attachment":[{"href":"https:\/\/www.svenskarallysportforbundet.se\/index.php\/wp-json\/wp\/v2\/media?parent=9"}],"curies":[{"name":"wp","href":"https:\/\/api.w.org\/{rel}","templated":true}]}}