{"id":18,"date":"2024-10-29T16:54:14","date_gmt":"2024-10-29T15:54:14","guid":{"rendered":"https:\/\/www.svenskarallysportforbundet.se\/index.php\/medlemmar\/"},"modified":"2024-11-05T21:31:15","modified_gmt":"2024-11-05T20:31:15","slug":"medlemmar","status":"publish","type":"page","link":"https:\/\/www.svenskarallysportforbundet.se\/index.php\/medlemmar\/","title":{"rendered":"Medlemmar"},"content":{"rendered":"\n<p>Alla fysiska personer kan s\u00f6ka medlemskap.<br><br><strong>Medlemsskap<\/strong><br>Fysiska personer som st\u00f6djer v\u00e5r tanke om att f\u00f6renkla rallysporten p\u00e5 breddniv\u00e5 och \u00e4r beredd att hj\u00e4lpa till som funktion\u00e4r eller t\u00e4vla aktivt \u00e4r v\u00e4lkomna.<br>Till en b\u00f6rjan inneb\u00e4r det enbart att ni kommer f\u00e5 m\u00f6jlighet till intr\u00e4de i SRS\u00b4s&nbsp;<strong>Facebookgrupp.<\/strong><\/p>\n\n\n\n<p>Medlemsavgiften \u00e4r minimum&nbsp;<strong>200 kronor\/ kalender\u00e5r<\/strong>&nbsp;(Dags betala f\u00f6r 2021).<\/p>\n\n\n\n<p><strong>St\u00f6dmedlemskap<\/strong><br>Som st\u00f6dmedlem blir Du naturligtvis noterad i v\u00e5rt interna register men inget visas ut\u00e5t. Medlemsavgiften (st\u00f6det)&nbsp;<strong>b\u00f6rjar fr\u00e5n 200 kr.<\/strong><\/p>\n\n\n\n<p>Vill Du st\u00f6dja lite mer g\u00e5r det \u00e4ven bra som&nbsp;<strong>partner\/sponsor&nbsp;<\/strong>efter kontakt med oss.<\/p>\n\n\n\n<p><strong>BG: 562-1768<\/strong><br>Swish:\u00a0<strong>123 423 12 88<\/strong><br><br>L\u00e4nk till medlemsans\u00f6kan hittar Du <a href=\"https:\/\/apply.cardskipper.se\/shop\/bb54bf6a-7798-46bc-87fc-0bd563a97979\" target=\"_blank\" rel=\"noreferrer noopener\">H\u00c4R<\/a><\/p>\n","protected":false},"excerpt":{"rendered":"<p>Alla fysiska personer kan s\u00f6ka medlemskap. MedlemsskapFysiska personer som st\u00f6djer v\u00e5r tanke om att f\u00f6renkla rallysporten p\u00e5 breddniv\u00e5 och \u00e4r beredd att hj\u00e4lpa till som funktion\u00e4r eller t\u00e4vla aktivt \u00e4r v\u00e4lkomna.Till en b\u00f6rjan inneb\u00e4r det enbart att ni kommer f\u00e5 &hellip; <a href=\"https:\/\/www.svenskarallysportforbundet.se\/index.php\/medlemmar\/\">Forts\u00e4tt l\u00e4sa <span class=\"meta-nav\">&rarr;<\/span><\/a><\/p>\n","protected":false},"author":1,"featured_media":0,"parent":0,"menu_order":0,"comment_status":"closed","ping_status":"closed","template":"full-width","meta":{"footnotes":""},"class_list":["post-18","page","type-page","status-publish","hentry"],"_links":{"self":[{"href":"https:\/\/www.svenskarallysportforbundet.se\/index.php\/wp-json\/wp\/v2\/pages\/18","targetHints":{"allow":["GET"]}}],"collection":[{"href":"https:\/\/www.svenskarallysportforbundet.se\/index.php\/wp-json\/wp\/v2\/pages"}],"about":[{"href":"https:\/\/www.svenskarallysportforbundet.se\/index.php\/wp-json\/wp\/v2\/types\/page"}],"author":[{"embeddable":true,"href":"https:\/\/www.svenskarallysportforbundet.se\/index.php\/wp-json\/wp\/v2\/users\/1"}],"replies":[{"embeddable":true,"href":"https:\/\/www.svenskarallysportforbundet.se\/index.php\/wp-json\/wp\/v2\/comments?post=18"}],"version-history":[{"count":5,"href":"https:\/\/www.svenskarallysportforbundet.se\/index.php\/wp-json\/wp\/v2\/pages\/18\/revisions"}],"predecessor-version":[{"id":378,"href":"https:\/\/www.svenskarallysportforbundet.se\/index.php\/wp-json\/wp\/v2\/pages\/18\/revisions\/378"}],"wp:attachment":[{"href":"https:\/\/www.svenskarallysportforbundet.se\/index.php\/wp-json\/wp\/v2\/media?parent=18"}],"curies":[{"name":"wp","href":"https:\/\/api.w.org\/{rel}","templated":true}]}}