{"id":14,"date":"2024-10-29T16:54:14","date_gmt":"2024-10-29T15:54:14","guid":{"rendered":"https:\/\/www.svenskarallysportforbundet.se\/index.php\/partners\/"},"modified":"2024-10-30T15:00:01","modified_gmt":"2024-10-30T14:00:01","slug":"partners","status":"publish","type":"page","link":"https:\/\/www.svenskarallysportforbundet.se\/index.php\/partners\/","title":{"rendered":"Partners"},"content":{"rendered":"<p style=\"text-align: left;\"><strong>Partners<\/strong><\/p>\n<p style=\"text-align: left;\">H\u00e4r skall vi presentera f\u00f6retag och organisationer som st\u00f6der v\u00e5r verksamhet.<\/p>\n<p style=\"text-align: left;\">\u200bNi som vill st\u00f6tta oss ekonomiskt oavsett \u00e4r hj\u00e4rtligt v\u00e4lkomna.<\/p>\n<p style=\"text-align: left;\">\u200bV\u00e5rt BG: 562-1768<\/p>\n<p style=\"text-align: left;\">Swisch: 123 423 12 88<\/p>\n<p style=\"text-align: left;\">Webansvarig: Ola Str\u00f6mberg<\/p>\n","protected":false},"excerpt":{"rendered":"<p>Partners H\u00e4r skall vi presentera f\u00f6retag och organisationer som st\u00f6der v\u00e5r verksamhet. \u200bNi som vill st\u00f6tta oss ekonomiskt oavsett \u00e4r hj\u00e4rtligt v\u00e4lkomna. \u200bV\u00e5rt BG: 562-1768 Swisch: 123 423 12 88 Webansvarig: Ola Str\u00f6mberg<\/p>\n","protected":false},"author":1,"featured_media":0,"parent":0,"menu_order":0,"comment_status":"closed","ping_status":"closed","template":"","meta":{"footnotes":""},"class_list":["post-14","page","type-page","status-publish","hentry"],"_links":{"self":[{"href":"https:\/\/www.svenskarallysportforbundet.se\/index.php\/wp-json\/wp\/v2\/pages\/14","targetHints":{"allow":["GET"]}}],"collection":[{"href":"https:\/\/www.svenskarallysportforbundet.se\/index.php\/wp-json\/wp\/v2\/pages"}],"about":[{"href":"https:\/\/www.svenskarallysportforbundet.se\/index.php\/wp-json\/wp\/v2\/types\/page"}],"author":[{"embeddable":true,"href":"https:\/\/www.svenskarallysportforbundet.se\/index.php\/wp-json\/wp\/v2\/users\/1"}],"replies":[{"embeddable":true,"href":"https:\/\/www.svenskarallysportforbundet.se\/index.php\/wp-json\/wp\/v2\/comments?post=14"}],"version-history":[{"count":3,"href":"https:\/\/www.svenskarallysportforbundet.se\/index.php\/wp-json\/wp\/v2\/pages\/14\/revisions"}],"predecessor-version":[{"id":262,"href":"https:\/\/www.svenskarallysportforbundet.se\/index.php\/wp-json\/wp\/v2\/pages\/14\/revisions\/262"}],"wp:attachment":[{"href":"https:\/\/www.svenskarallysportforbundet.se\/index.php\/wp-json\/wp\/v2\/media?parent=14"}],"curies":[{"name":"wp","href":"https:\/\/api.w.org\/{rel}","templated":true}]}}