{"id":12,"date":"2024-10-29T16:54:14","date_gmt":"2024-10-29T15:54:14","guid":{"rendered":"https:\/\/www.svenskarallysportforbundet.se\/index.php\/gdpr\/"},"modified":"2024-10-30T15:28:12","modified_gmt":"2024-10-30T14:28:12","slug":"gdpr","status":"publish","type":"page","link":"https:\/\/www.svenskarallysportforbundet.se\/index.php\/gdpr\/","title":{"rendered":"GDPR"},"content":{"rendered":"<div class=\"sqs-html-content\">\n<p class=\"\" style=\"white-space: pre-wrap; text-align: left;\"><strong>Integritetspolicy och GDPR.<\/strong><\/p>\n<p class=\"\" style=\"white-space: pre-wrap; text-align: left;\">\u00a0Inom Svenska Rallysportf\u00f6rbundet arbetar vi f\u00f6r att s\u00e4kerst\u00e4lla en s\u00e4ker hantering av information och personuppgifter.<\/p>\n<p class=\"\" style=\"white-space: pre-wrap; text-align: left;\">Svenska Rallysportf\u00f6rbundet c\/o Ola Str\u00f6mberg Mellanv\u00e4gen 7 680 90 Nykroppa (556057-3619), \u00e4r personuppgiftsansvarig f\u00f6r hanteringen av dina personuppgifter som vi sj\u00e4lva g\u00f6r eller annat f\u00f6retag g\u00f6r p\u00e5 v\u00e5rt uppdrag.<\/p>\n<p class=\"\" style=\"white-space: pre-wrap; text-align: left;\">N\u00e4r du ans\u00f6ker om medlemskap hos oss p\u00e5 Svenska Rallysportf\u00f6rbundet s\u00e5 beh\u00f6ver vi hantera dina personuppgifter. S\u00f6ker Du som fullv\u00e4rdig medlem s\u00e5 kan Du v\u00e4lja mellan att finnas synlig med Ditt namn och hemort p\u00e5 v\u00e5r hemsida. Hanteringen av dina personuppgifter sker i enlighet med GDPR.<\/p>\n<p class=\"\" style=\"white-space: pre-wrap; text-align: left;\">Personuppgifter \u00e4r all den information som avser en identifierad eller en identifierbar fysisk person, som till exempel namn, adress, telefonnummer e-postadress.<br \/>\nF\u00f6ljande information lagras hos oss vid ans\u00f6kan: de personuppgifter du sj\u00e4lv delger oss, samt all annan information som du l\u00e4mnar till oss eller till n\u00e5gon av v\u00e5ra partners.<\/p>\n<p class=\"\" style=\"white-space: pre-wrap; text-align: left;\">Dina personuppgifter \u00e4r Svenska Rallysportf\u00f6rbundets m\u00f6jlighet att administrera f\u00f6rbundets medlemsregister, rekrytering och kompetensf\u00f6rs\u00f6rjning.<\/p>\n<p style=\"text-align: left;\">Vid ans\u00f6kan om medlemskap till oss ger du oss ditt samtycke att hantera dina personuppgifter. Du kan n\u00e4r som helst dra tillbaka ditt samtycke genom att kontakta oss. Medlemskapet anses d\u00e4rmed vara avslutat. Din personliga information beh\u00e5lls dock i ytterligare tv\u00e5 \u00e5r. Informationen sparas f\u00f6r att kunna anv\u00e4ndas vid ett eventuellt tvistem\u00e5l. Efter tv\u00e5 \u00e5r anonymiseras uppgifterna och kan d\u00e4refter anv\u00e4ndas i statistik eller marknadsf\u00f6ring.<\/p>\n<p class=\"\" style=\"white-space: pre-wrap; text-align: left;\">Vi garanterar att din information inte kommer att s\u00e4ljas vidare till n\u00e5gon tredjepart.<\/p>\n<p class=\"\" style=\"white-space: pre-wrap; text-align: left;\">Din information kan dock komma att delas med externa samarbetspartners som vi tex. k\u00f6per tj\u00e4nster av eller liknande. Mot samtliga av dessa samarbetspartners finns personuppgiftsbitr\u00e4desavtal, d\u00e4r garantier finns f\u00f6r att din information endast anv\u00e4nds f\u00f6r det tillt\u00e4nkta \u00e4ndam\u00e5let och inte beh\u00e5lls l\u00e4ngre \u00e4n n\u00f6dv\u00e4ndigt.<\/p>\n<p class=\"\" style=\"white-space: pre-wrap; text-align: left;\">Har du fr\u00e5gor om personuppgiftshanteringen inom Svenska Rallysportf\u00f6rbundet s\u00e5 kontakta oss. Du kan \u00e4ven f\u00e5 information om vilka personuppgifter vi hanterar om dig, ett s.k. registerutdrag och f\u00e5 felaktiga uppgifter r\u00e4ttade.<br \/>\nOm du anser att vi har behandlat dina personuppgifter felaktigt kan du kontakta Datainspektionen<\/p>\n<p class=\"\" style=\"white-space: pre-wrap; text-align: left;\">\n<\/div>\n","protected":false},"excerpt":{"rendered":"<p>Integritetspolicy och GDPR. \u00a0Inom Svenska Rallysportf\u00f6rbundet arbetar vi f\u00f6r att s\u00e4kerst\u00e4lla en s\u00e4ker hantering av information och personuppgifter. Svenska Rallysportf\u00f6rbundet c\/o Ola Str\u00f6mberg Mellanv\u00e4gen 7 680 90 Nykroppa (556057-3619), \u00e4r personuppgiftsansvarig f\u00f6r hanteringen av dina personuppgifter som vi sj\u00e4lva g\u00f6r &hellip; <a href=\"https:\/\/www.svenskarallysportforbundet.se\/index.php\/gdpr\/\">Forts\u00e4tt l\u00e4sa <span class=\"meta-nav\">&rarr;<\/span><\/a><\/p>\n","protected":false},"author":1,"featured_media":0,"parent":0,"menu_order":0,"comment_status":"closed","ping_status":"closed","template":"page-gdpr-template","meta":{"footnotes":""},"class_list":["post-12","page","type-page","status-publish","hentry"],"_links":{"self":[{"href":"https:\/\/www.svenskarallysportforbundet.se\/index.php\/wp-json\/wp\/v2\/pages\/12","targetHints":{"allow":["GET"]}}],"collection":[{"href":"https:\/\/www.svenskarallysportforbundet.se\/index.php\/wp-json\/wp\/v2\/pages"}],"about":[{"href":"https:\/\/www.svenskarallysportforbundet.se\/index.php\/wp-json\/wp\/v2\/types\/page"}],"author":[{"embeddable":true,"href":"https:\/\/www.svenskarallysportforbundet.se\/index.php\/wp-json\/wp\/v2\/users\/1"}],"replies":[{"embeddable":true,"href":"https:\/\/www.svenskarallysportforbundet.se\/index.php\/wp-json\/wp\/v2\/comments?post=12"}],"version-history":[{"count":1,"href":"https:\/\/www.svenskarallysportforbundet.se\/index.php\/wp-json\/wp\/v2\/pages\/12\/revisions"}],"predecessor-version":[{"id":295,"href":"https:\/\/www.svenskarallysportforbundet.se\/index.php\/wp-json\/wp\/v2\/pages\/12\/revisions\/295"}],"wp:attachment":[{"href":"https:\/\/www.svenskarallysportforbundet.se\/index.php\/wp-json\/wp\/v2\/media?parent=12"}],"curies":[{"name":"wp","href":"https:\/\/api.w.org\/{rel}","templated":true}]}}