{"id":11,"date":"2024-10-29T16:54:14","date_gmt":"2024-10-29T15:54:14","guid":{"rendered":"https:\/\/www.svenskarallysportforbundet.se\/index.php\/licenser\/"},"modified":"2024-11-05T18:59:51","modified_gmt":"2024-11-05T17:59:51","slug":"licenser","status":"publish","type":"page","link":"https:\/\/www.svenskarallysportforbundet.se\/index.php\/licenser\/","title":{"rendered":"Licenser"},"content":{"rendered":"<p style=\"text-align: left;\"><strong><u>Licenser<\/u><\/strong><strong>\u200b<\/strong><\/p>\n<p style=\"text-align: left;\">Licensen \u00e4r ju i f\u00f6rsta hand en f\u00f6rs\u00e4kring och ett bevis p\u00e5 kompetensgrad.<\/p>\n<p style=\"text-align: left;\"><strong>T\u00e4vlingslicenser.<\/strong><\/p>\n<p style=\"text-align: left;\"><strong>Tre niv\u00e5er f\u00f6r de t\u00e4vlande \u00e4r v\u00e5r tanke. <\/strong><\/p>\n<ul style=\"text-align: left;\">\n<li><strong>Rookie.<\/strong> Nyb\u00f6rjare och ungdoms\u00e5kare.<\/li>\n<li><strong>Motion\u00e4r<\/strong>. Huvuddelen av oss aktiva.<br \/>\nTanken \u00e4r att dem som i flera t\u00e4vlingar placerar sig p\u00e5 den \u00f6vre fj\u00e4rdedelen p\u00e5 resultatlistan skall flyttas till Elit.<br \/>\nDetaljer f\u00f6r det m\u00e5ste utarbetas.<\/li>\n<li><strong>Elit.<\/strong> Dem som alltid \u00e4r i topp.<br \/>\nH\u00e4rifr\u00e5n \u00e5ker man ur om man hamnar p\u00e5 den nedre fj\u00e4rdedelen p\u00e5 resultatlistan i ett antal t\u00e4vlingar.<br \/>\nHur detta ska kontrolleras och hanteras ska vi l\u00f6sa tillsammans.<\/li>\n<\/ul>\n<p style=\"text-align: left;\"><strong>Funktion\u00e4rslicenser. <\/strong><\/p>\n<p style=\"text-align: left;\"><strong>Tre typer h\u00e4r med?<\/strong><\/p>\n<ul style=\"text-align: left;\">\n<li><strong>T\u00e4vlingsfunktion\u00e4r<\/strong>. (Med praktiskt inriktning)<\/li>\n<li><strong>T\u00e4vlingsfunktion\u00e4r <\/strong>(Med administrativ inriktning)<\/li>\n<li><strong>Teknisk funktion\u00e4r<\/strong><\/li>\n<\/ul>\n<p style=\"text-align: left;\">Hur m\u00e5nga niv\u00e5er?<\/p>\n<p style=\"text-align: left;\">\n<p style=\"text-align: left;\"><strong>Utbildning.<\/strong><\/p>\n<p style=\"text-align: left;\">Allt ovanst\u00e5ende \u00e4r ju beroende p\u00e5 utbildning. Vi avser nyttja internet p\u00e5 b\u00e4sta m\u00f6jliga vis.<\/p>\n<p>&nbsp;<\/p>\n","protected":false},"excerpt":{"rendered":"<p>Licenser\u200b Licensen \u00e4r ju i f\u00f6rsta hand en f\u00f6rs\u00e4kring och ett bevis p\u00e5 kompetensgrad. T\u00e4vlingslicenser. Tre niv\u00e5er f\u00f6r de t\u00e4vlande \u00e4r v\u00e5r tanke. Rookie. Nyb\u00f6rjare och ungdoms\u00e5kare. Motion\u00e4r. Huvuddelen av oss aktiva. Tanken \u00e4r att dem som i flera t\u00e4vlingar &hellip; <a href=\"https:\/\/www.svenskarallysportforbundet.se\/index.php\/licenser\/\">Forts\u00e4tt l\u00e4sa <span class=\"meta-nav\">&rarr;<\/span><\/a><\/p>\n","protected":false},"author":1,"featured_media":0,"parent":0,"menu_order":0,"comment_status":"closed","ping_status":"closed","template":"full-width","meta":{"footnotes":""},"class_list":["post-11","page","type-page","status-publish","hentry"],"_links":{"self":[{"href":"https:\/\/www.svenskarallysportforbundet.se\/index.php\/wp-json\/wp\/v2\/pages\/11","targetHints":{"allow":["GET"]}}],"collection":[{"href":"https:\/\/www.svenskarallysportforbundet.se\/index.php\/wp-json\/wp\/v2\/pages"}],"about":[{"href":"https:\/\/www.svenskarallysportforbundet.se\/index.php\/wp-json\/wp\/v2\/types\/page"}],"author":[{"embeddable":true,"href":"https:\/\/www.svenskarallysportforbundet.se\/index.php\/wp-json\/wp\/v2\/users\/1"}],"replies":[{"embeddable":true,"href":"https:\/\/www.svenskarallysportforbundet.se\/index.php\/wp-json\/wp\/v2\/comments?post=11"}],"version-history":[{"count":1,"href":"https:\/\/www.svenskarallysportforbundet.se\/index.php\/wp-json\/wp\/v2\/pages\/11\/revisions"}],"predecessor-version":[{"id":299,"href":"https:\/\/www.svenskarallysportforbundet.se\/index.php\/wp-json\/wp\/v2\/pages\/11\/revisions\/299"}],"wp:attachment":[{"href":"https:\/\/www.svenskarallysportforbundet.se\/index.php\/wp-json\/wp\/v2\/media?parent=11"}],"curies":[{"name":"wp","href":"https:\/\/api.w.org\/{rel}","templated":true}]}}